{"id":2192346,"date":"2024-04-19T18:08:45","date_gmt":"2024-04-19T16:08:45","guid":{"rendered":"https:\/\/www.green-ingredients.com\/?post_type=product&#038;p=2192346"},"modified":"2025-12-09T17:09:44","modified_gmt":"2025-12-09T16:09:44","slug":"plant-tannins","status":"publish","type":"product","link":"https:\/\/www.green-ingredients.com\/en\/product\/plant-tannins\/","title":{"rendered":"Plant Tannins"},"content":{"rendered":"<p><strong><span style=\"color: #a63802\">PLANT TANNINS is a mixture of tannin extracts especially developed for cellulosic textiles (specifically cotton).<br \/>\nA 100% natural composition of\u00a0 pyrogallic (hydrolysable) tannins, based on gallnut extracts and other species rich in gallotannins anbd with light color, for a better preparation of cellulosic fibers. <\/span><\/strong><\/p>\n<p>Main constituents: hydrolysable tannins &gt; 95%<\/p>\n<p style=\"text-align: left\"><span style=\"color: #000000\">Use :<\/span><span style=\"text-decoration: underline\"> Pre-treatment and mordanting of vegetable fibers:<\/span> Plant tannins is very rich in tannins. Tannic acid allows the pre-treatment of cellulosic plant fibers (called engallage in this case) in order to improve the fixation of the mordant during mordanting. THIS TANNIN PROVIDES A LIGHT COLOR.<\/p>\n<p><span style=\"text-decoration: underline\">Natural dyeing and textile printing :<\/span> all fibers can be dyed with PLANT TANNINS. The colors obtained have slightly better lightfastness.<br \/>\nFor bright colors, it will be used in the first bath followed by the mordant of aluminum salt. We recommend the <a href=\"https:\/\/www.green-ingredients.com\/en\/product\/aluminium-lactate\/\" target=\"_blank\" rel=\"noopener\">ALUMINUM LACTATE<\/a>, manufactured from renewable raw materials. In the presence of <a href=\"https:\/\/www.green-ingredients.com\/en\/product\/ferrous-sulfate\/\" target=\"_blank\" rel=\"noopener\">FERROUS SULFATE<\/a> or <a href=\"https:\/\/www.green-ingredients.com\/en\/product\/ferrous-lactate\/\" target=\"_blank\" rel=\"noopener\">FERROUS LACTATE<\/a> (shading process after tannin), this extract forms very solid and dark complexes, to create numerous grey shades grays. In the presence of <a href=\"https:\/\/www.green-ingredients.com\/en\/product\/titanium-oxalate\/\">TITANIUM<\/a>, a bright orange is obtained.<br \/>\n<span class=\"HwtZe\" lang=\"en\"><span class=\"jCAhz ChMk0b\"><span class=\"ryNqvb\"><br \/>\nNot suitable for food use.<\/span><\/span><\/span><\/p>\n<p><a href=\"https:\/\/www.green-ingredients.com\/en\/natural-extracts\/\"><img loading=\"lazy\" decoding=\"async\" class=\"alignnone wp-image-13497\" src=\"https:\/\/www.green-ingredients.com\/wp-content\/uploads\/2021\/01\/Icon.jpg\" alt=\"\" width=\"16\" height=\"23\" \/><span lang=\"en\">Go back to <\/span>Natural Extracts &amp; Natural Dyes<\/a><\/p>\n","protected":false},"excerpt":{"rendered":"<p>PLANT TANNINS is a mixture of tannin extracts especially developed for cellulosic textiles (specifically cotton). A 100% natural composition of\u00a0 pyrogallic (hydrolysable) tannins, based on gallnut extracts and other species rich in gallotannins anbd with light color, for a better preparation of cellulosic fibers. Main constituents: hydrolysable tannins &gt; 95% Use : Pre-treatment and mordanting [&hellip;]<\/p>\n","protected":false},"featured_media":2191933,"template":"","meta":{"_et_pb_use_builder":"off","_et_pb_old_content":"<strong><span style=\"color: #a63802\"> L'extrait de corroy\u00e8re (ou redoul) est produit en Occitanie \u00e0 partir de mati\u00e8res premi\u00e8res locales de collecte biologique. Ce colorant 100% naturel est obtenu \u00e0 partir des parties a\u00e9riennes de la corroy\u00e8re \u00e0 feuilles de myrte (<em>Coriaria myrtifolia<\/em> L). Il est riche en tanins v\u00e9g\u00e9taux (tanins gallique) extraits \u00e0 l'eau, selon une d\u00e9marche \u00e9co-responsable. Une plante largement utilis\u00e9e par les teinturiers du XVIIIe si\u00e8cle (Paul Gout, Antoine Janot...). EXTRAIT PRODUIT EN EXCLUSIVIT\u00c9 ET EN QUANTITE LIMITEE     <\/span><\/strong> Principaux constituants : tanins galliques env. 15 %. + flavono\u00efdes (glycosides de querc\u00e9tine et du kaempf\u00e9rol).  <p style=\"text-align: left\"><strong><span style=\"color: #000000\">Utilisation :<\/span><\/strong><span style=\"text-decoration: underline\">Teinture naturelle et impression textile<\/span> : l\u2019extrait permet de teindre tous types de fibres, mordanc\u00e9es ou non. Les tanins galliques ont une affinit\u00e9 naturelle pour les fibres cellulosiques. Nuances en fonction de la formule et du mordant : beiges, fauves (non mordanc\u00e9 ou aluminium), gris en pr\u00e9sence de fer, orange en pr\u00e9sence de titane. Cette plante entrait dans la pr\u00e9paration du Noir de B\u00e9darieux, notre ville. Cet extrait peut \u00eatre utilis\u00e9 dans les recettes des <a href=\"https:\/\/www.green-ingredients.com\/produit\/les-157-couleurs-de-paul-gout\/\" target=\"_blank\" rel=\"noopener\"><strong>157 Couleurs de Paul Gout<\/strong><\/a>.    <\/p>\n<span style=\"text-decoration: underline\">Autres utilisations<\/span> : Tannerie. <strong><span style=\"color: #000000\">La plante :<\/span> <\/strong> La corroy\u00e8re \u00e0 feuilles de myrte (<em>Coriaria myrtifolia<\/em> L.) est une esp\u00e8ce fr\u00e9quente dans le Midi de la France et jusqu'en Catalogne. Il s'agit d'un arbuste de 2-3m, pr\u00e9sent en bordure de chemins et de rivi\u00e8res, qui poss\u00e8de des feuilles semblables \u00e0 la myrte. ATTENTION : les fruits de cette plante sont tr\u00e8s toxiques et peuvent parfois \u00eatre confondus avec les m\u00fbres des ronces. La litt\u00e9rature indique aussi que les parties a\u00e9riennes sont toxiques. Nous avons r\u00e9alis\u00e9 des recherches et analyses qui montrent que les parties les plus toxiques sont les graines (la pulpe des fruits l'est beaucoup moins). Notre extrait est fabriqu\u00e9 \u00e0 partir de mati\u00e8re ne contenant aucun fruit, selon un proc\u00e9d\u00e9 optimis\u00e9 et nos analyses d\u00e9montrent que les mol\u00e9cules toxiques ne sont d\u00e9cel\u00e9es dans l'extrait qu'\u00e0 l'\u00e9tat de traces. <strong><span style=\"color: #000000\"> Utilisations historiques et Noir de B\u00e9darieux <\/span> <\/strong> Le redoul ou corroy\u00e8re est connu et utilis\u00e9 depuis le Moyen-\u00c2ge dans le Midi de la France et en Catalogne. Narbonne et Montpellier constituaient de loin les plus gros centres importateurs de corroy\u00e8re catalane en Languedoc. Au cours de la premi\u00e8re moiti\u00e9 du XIVe si\u00e8cle, la ville de Montpellier, le principal centre demandeur, fut peu \u00e0 peu d\u00e9pass\u00e9e par Narbonne. Son nom est issu du latin <em>corium<\/em> ou corroyage, indiquant son utilisation pour le tannage des peaux, son premier usage. Le redoul est \u00e0 la base de l'une des innovations techniques des teinturiers de draps languedociens et catalans du Moyen-\u00c2ge : il permettait d\u2019obtenir un beau noir en donnant une seconde teinture aux tannins et aux sels de fer \u00e0 un drap ayant d\u00e9j\u00e0 re\u00e7u un \u00ab pied \u00bb de pastel qui pouvait, dans ce cas, \u00eatre sensiblement moins intense. Plus pr\u00e8s de nous, des livres de chimie des teintures du XIXe si\u00e8cle d\u00e9crivent la fabrication du <strong>Noir de B\u00e9darieux<\/strong>, dont le redoul est le principal ingr\u00e9dient. GREEN'ING \u00e9tant install\u00e9e tout pr\u00e8s de B\u00e9darieux, c'\u00e9tait pour nous une \u00e9vidence de faire rena\u00eetre cette couleur.          <a href=\"https:\/\/www.green-ingredients.com\/extraits-vegetaux-colorants-naturels\/\"><img class=\"alignnone wp-image-13496\" src=\"https:\/\/www.green-ingredients.com\/wp-content\/uploads\/2021\/01\/Icon.jpg\" alt=\"\" width=\"16\" height=\"23\"> Return to Plant Extracts and natural colorings<\/a>","_et_gb_content_width":""},"product_brand":[],"product_cat":[71],"product_tag":[155,173,218,186],"class_list":{"0":"post-2192346","1":"product","2":"type-product","3":"status-publish","4":"has-post-thumbnail","6":"product_cat-natural-extracts","7":"product_tag-grey-en","8":"product_tag-natural-colorant","9":"product_tag-orange-en","10":"product_tag-tanin-natural-en","11":"pa_poids-1-kg-en","12":"pa_poids-100-g-en","13":"pa_poids-500-g-en","15":"first","16":"instock","17":"taxable","18":"shipping-taxable","19":"purchasable","20":"product-type-variable","21":"has-default-attributes"},"_links":{"self":[{"href":"https:\/\/www.green-ingredients.com\/en\/wp-json\/wp\/v2\/product\/2192346","targetHints":{"allow":["GET"]}}],"collection":[{"href":"https:\/\/www.green-ingredients.com\/en\/wp-json\/wp\/v2\/product"}],"about":[{"href":"https:\/\/www.green-ingredients.com\/en\/wp-json\/wp\/v2\/types\/product"}],"wp:featuredmedia":[{"embeddable":true,"href":"https:\/\/www.green-ingredients.com\/en\/wp-json\/wp\/v2\/media\/2191933"}],"wp:attachment":[{"href":"https:\/\/www.green-ingredients.com\/en\/wp-json\/wp\/v2\/media?parent=2192346"}],"wp:term":[{"taxonomy":"product_brand","embeddable":true,"href":"https:\/\/www.green-ingredients.com\/en\/wp-json\/wp\/v2\/product_brand?post=2192346"},{"taxonomy":"product_cat","embeddable":true,"href":"https:\/\/www.green-ingredients.com\/en\/wp-json\/wp\/v2\/product_cat?post=2192346"},{"taxonomy":"product_tag","embeddable":true,"href":"https:\/\/www.green-ingredients.com\/en\/wp-json\/wp\/v2\/product_tag?post=2192346"}],"curies":[{"name":"wp","href":"https:\/\/api.w.org\/{rel}","templated":true}]}}