{"id":11126,"date":"2019-12-09T19:34:01","date_gmt":"2019-12-09T18:34:01","guid":{"rendered":"https:\/\/www.green-ingredients.com\/?post_type=product&#038;p=11126"},"modified":"2019-12-09T19:51:58","modified_gmt":"2019-12-09T18:51:58","slug":"dyeing-instructions-informations-to-download","status":"publish","type":"product","link":"https:\/\/www.green-ingredients.com\/en\/product\/dyeing-instructions-informations-to-download\/","title":{"rendered":"Dyeing instructions &#8211; Informations to download"},"content":{"rendered":"<p style=\"text-align: center;\"><span style=\"font-size: 16pt; font-family: verdana,geneva; color: #3d3c3c;\">INFORMATION A TELECHARGER \/ INFORMATION TO DOWNLOAD<\/span><\/p>\n<p style=\"text-align: left;\"><span style=\"font-family: verdana, geneva, sans-serif;\"><span style=\"font-size: 14pt;\">Notices de teinture naturelle \/ Dyeing instructions natural dyeing<\/span><br \/>\n<\/span><\/p>\n<table class=\" aligncenter\" style=\"height: 157px; width: 793px;\">\n<tbody>\n<tr style=\"height: 5px;\">\n<td style=\"border-color: #a1a1a1; background-color: #cf8908; height: 20px; text-align: center; width: 371.55px;\"><span style=\"font-size: 12pt; color: #ffffff;\">Fran\u00e7ais<\/span><\/td>\n<td style=\"border-color: #a1a1a1; background-color: #946d82; height: 20px; text-align: center; width: 361.45px;\"><span style=\"font-size: 12pt; color: #ffffff;\">English<\/span><\/td>\n<\/tr>\n<tr style=\"height: 5px;\">\n<td style=\"border-color: #a1a1a1; background-color: #cf8908; height: 20px; width: 371.55px;\"><span style=\"font-size: 12pt; color: #ffffff;\"><a style=\"color: #ffffff;\" href=\"https:\/\/www.green-ingredients.com\/wp-content\/uploads\/2019\/06\/GREENING-ConseilsDeTeinture-201805.pdf\" target=\"_blank\" rel=\"noopener noreferrer\">Notice de teinture colorants \u00e0 mordants<\/a><br \/>\n<\/span><\/td>\n<td style=\"border-color: #a1a1a1; background-color: #946d82; height: 20px; width: 361.45px;\"><span style=\"color: #ffffff;\"><a style=\"color: #ffffff;\" href=\"https:\/\/www.green-ingredients.com\/wp-content\/uploads\/2019\/06\/GREENING-Dyeing-Instructions-201805.pdf\" target=\"_blank\" rel=\"noopener noreferrer\"><span style=\"font-size: 12pt;\">Dyeing instructions &#8211; mordant dyes<\/span><\/a><\/span><\/td>\n<\/tr>\n<tr style=\"height: 5px;\">\n<td style=\"border-color: #a1a1a1; background-color: #cf8908; height: 20px; width: 371.55px;\"><span style=\"font-size: 12pt; color: #ffffff;\"><a style=\"color: #ffffff;\" href=\"https:\/\/www.green-ingredients.com\/wp-content\/uploads\/2019\/06\/GREENING-ConseilsDeTeintureIndigo-201805.pdf\" target=\"_blank\" rel=\"noopener noreferrer\">Notice teinture indigo cuves naturelles<\/a><br \/>\n<\/span><\/td>\n<td style=\"border-color: #a1a1a1; background-color: #946d82; height: 20px; width: 361.45px;\"><span style=\"color: #ffffff;\"><a style=\"color: #ffffff;\" href=\"https:\/\/www.green-ingredients.com\/wp-content\/uploads\/2019\/06\/GREENING-IndigoDyeingInstructions-201805.pdf\" target=\"_blank\" rel=\"noopener noreferrer\"><span style=\"font-size: 12pt;\">Dyeing instructions &#8211; indigo natural vats<\/span><\/a><\/span><\/td>\n<\/tr>\n<tr style=\"height: 5px;\">\n<td style=\"border-color: #a1a1a1; background-color: #cf8908; height: 20px; width: 371.55px;\"><span style=\"font-size: 12pt; color: #ffffff;\"><a style=\"color: #ffffff;\" href=\"https:\/\/www.green-ingredients.com\/wp-content\/uploads\/2019\/06\/NotesSurCuvesIndigoNaturelles.pdf\" target=\"_blank\" rel=\"noopener noreferrer\">Notes compl\u00e9mentaires &#8211; indigo cuves naturelles<\/a><br \/>\n<\/span><\/td>\n<td style=\"border-color: #a1a1a1; background-color: #946d82; height: 20px; width: 361.45px;\"><span style=\"font-size: 12pt; color: #ffffff;\"><a style=\"color: #ffffff;\" href=\"https:\/\/www.green-ingredients.com\/wp-content\/uploads\/2019\/06\/NotesSurCuvesIndigoNaturelles.pdf\" target=\"_blank\" rel=\"noopener noreferrer\">Additional notes &#8211; indigo natural vats (french)<\/a><br \/>\n<\/span><\/td>\n<\/tr>\n<tr>\n<td style=\"border-color: #a1a1a1; background-color: #cf8908; height: 20px; width: 371.55px;\"><\/td>\n<td style=\"border-color: #a1a1a1; background-color: #946d82; height: 20px; width: 361.45px;\"><\/td>\n<\/tr>\n<\/tbody>\n<\/table>\n<p>&nbsp;<\/p>\n<p>&nbsp;<\/p>\n<p><span style=\"font-family: verdana, geneva, sans-serif;\"><span style=\"font-size: 14pt;\">Informations et donn\u00e9es diverses \/ miscellaneous<\/span><br \/>\n<\/span><\/p>\n<table class=\" aligncenter\" style=\"height: 202px; width: 793px;\">\n<tbody>\n<tr style=\"height: 5px;\">\n<td style=\"border-color: #a1a1a1; background-color: #cf8908; height: 20px; text-align: center; width: 369.067px;\"><span style=\"font-size: 12pt; color: #ffffff;\">Fran\u00e7ais<\/span><\/td>\n<td style=\"border-color: #a1a1a1; background-color: #946d82; height: 20px; text-align: center; width: 363.933px;\"><span style=\"font-size: 12pt; color: #ffffff;\">English<\/span><\/td>\n<\/tr>\n<tr>\n<td style=\"border-color: #a1a1a1; background-color: #cf8908; width: 369.067px;\"><span style=\"font-size: 12pt; color: #ffffff;\"><a style=\"color: #ffffff;\" href=\"https:\/\/www.green-ingredients.com\/wp-content\/uploads\/2018\/06\/2018-04-GREENING-Installation-Bedarieux.pdf\" target=\"_blank\" rel=\"noopener noreferrer\">GREEN&#8217;ING s&#8217;est install\u00e9e dans l&#8217;H\u00e9rault<\/a><\/span><span style=\"font-size: 12pt; color: #ffffff;\"><br \/>\n<\/span><\/td>\n<td style=\"border-color: #a1a1a1; background-color: #946d82; width: 363.933px;\"><span style=\"font-size: 12pt; color: #ffffff;\"><a style=\"color: #ffffff;\" href=\"https:\/\/www.green-ingredients.com\/wp-content\/uploads\/2018\/07\/2018-07-GREENING-Installation-Bedarieux-EN-1.pdf\" target=\"_blank\" rel=\"noopener noreferrer\">GREEN&#8217;ING has settled in the South of France<\/a><\/span><\/td>\n<\/tr>\n<tr>\n<td style=\"border-color: #a1a1a1; background-color: #cf8908; width: 369.067px;\"><span style=\"font-size: 12pt; color: #ffffff;\"><a style=\"color: #ffffff;\" href=\"https:\/\/www.green-ingredients.com\/wp-content\/uploads\/2018\/07\/2018-06-Les-ExtraitsV\u00e9g\u00e9tauxColorants-1-2.pdf\" target=\"_blank\" rel=\"noopener noreferrer\">Les extraits v\u00e9g\u00e9taux colorants &#8211; 1- Historique<\/a><br \/>\n<\/span><\/td>\n<td style=\"border-color: #a1a1a1; background-color: #946d82; width: 363.933px;\"><span style=\"font-size: 12pt; color: #ffffff;\"><a style=\"color: #ffffff;\" href=\"https:\/\/www.green-ingredients.com\/wp-content\/uploads\/2018\/07\/2018-07-TheNaturalDyeExtracts-1.pdf\" target=\"_blank\" rel=\"noopener noreferrer\"><span style=\"color: #ffffff;\">The Natural dye extracts &#8211; 1 &#8211; History<\/span><\/a><\/span><\/td>\n<\/tr>\n<tr style=\"height: 5px;\">\n<td style=\"border-color: #a1a1a1; background-color: #cf8908; height: 20px; width: 369.067px;\"><span style=\"font-size: 12pt; color: #ffffff;\"><a style=\"color: #ffffff;\" href=\"https:\/\/www.green-ingredients.com\/wp-content\/uploads\/2019\/06\/ConferenceFilBleu2019-Public.pdf\" target=\"_blank\" rel=\"noopener noreferrer\">Conf\u00e9rence : Pastel et indigos naturels &#8211; \u00e9volution des proc\u00e9d\u00e9s au cours de l&#8217;histoire &#8211; exemples d&#8217;utilisations.<\/a><br \/>\n<span style=\"font-size: 10pt;\"><em>Patrick Brenac, Le Fil Bleu, Albi, 13 mai 2019.<\/em><\/span><br \/>\n<\/span><\/td>\n<td style=\"border-color: #a1a1a1; background-color: #946d82; height: 20px; width: 363.933px;\"><span style=\"font-size: 12pt; color: #ffffff;\"><a style=\"color: #ffffff;\" href=\"https:\/\/www.green-ingredients.com\/wp-content\/uploads\/2019\/06\/ConferenceFilBleu2019-Public.pdf\" target=\"_blank\" rel=\"noopener noreferrer\">Conference : Woad &amp; natural indigos &#8211; evolution of process over the history &#8211; examples of use.<\/a> (french)<\/span><br \/>\n<span style=\"color: #ffffff;\"><em>Patrick Brenac, Le Fil Bleu, Albi, 13 mai 2019.<\/em><\/span><\/td>\n<\/tr>\n<tr style=\"height: 5px;\">\n<td style=\"border-color: #a1a1a1; background-color: #cf8908; height: 20px; width: 369.067px;\"><\/td>\n<td style=\"border-color: #a1a1a1; background-color: #946d82; height: 20px; width: 363.933px;\"><\/td>\n<\/tr>\n<\/tbody>\n<\/table>\n<p>&nbsp;<\/p>\n<p>&nbsp;<\/p>\n","protected":false},"excerpt":{"rendered":"<p>INFORMATION A TELECHARGER \/ INFORMATION TO DOWNLOAD Notices de teinture naturelle \/ Dyeing instructions natural dyeing Fran\u00e7ais English Notice de teinture colorants \u00e0 mordants Dyeing instructions &#8211; mordant dyes Notice teinture indigo cuves naturelles Dyeing instructions &#8211; indigo natural vats Notes compl\u00e9mentaires &#8211; indigo cuves naturelles Additional notes &#8211; indigo natural vats (french) &nbsp; &nbsp; [&hellip;]<\/p>\n","protected":false},"featured_media":11155,"template":"","meta":{"_et_pb_use_builder":"off","_et_pb_old_content":"","_et_gb_content_width":""},"product_brand":[],"product_cat":[98],"product_tag":[],"class_list":{"0":"post-11126","1":"product","2":"type-product","3":"status-publish","4":"has-post-thumbnail","6":"product_cat-natural-dyeing-instructions-and-advices","8":"first","9":"instock","10":"taxable","11":"shipping-taxable","12":"product-type-simple"},"_links":{"self":[{"href":"https:\/\/www.green-ingredients.com\/en\/wp-json\/wp\/v2\/product\/11126","targetHints":{"allow":["GET"]}}],"collection":[{"href":"https:\/\/www.green-ingredients.com\/en\/wp-json\/wp\/v2\/product"}],"about":[{"href":"https:\/\/www.green-ingredients.com\/en\/wp-json\/wp\/v2\/types\/product"}],"wp:featuredmedia":[{"embeddable":true,"href":"https:\/\/www.green-ingredients.com\/en\/wp-json\/wp\/v2\/media\/11155"}],"wp:attachment":[{"href":"https:\/\/www.green-ingredients.com\/en\/wp-json\/wp\/v2\/media?parent=11126"}],"wp:term":[{"taxonomy":"product_brand","embeddable":true,"href":"https:\/\/www.green-ingredients.com\/en\/wp-json\/wp\/v2\/product_brand?post=11126"},{"taxonomy":"product_cat","embeddable":true,"href":"https:\/\/www.green-ingredients.com\/en\/wp-json\/wp\/v2\/product_cat?post=11126"},{"taxonomy":"product_tag","embeddable":true,"href":"https:\/\/www.green-ingredients.com\/en\/wp-json\/wp\/v2\/product_tag?post=11126"}],"curies":[{"name":"wp","href":"https:\/\/api.w.org\/{rel}","templated":true}]}}