{"id":4051,"date":"2014-10-13T18:10:51","date_gmt":"2014-10-13T17:10:51","guid":{"rendered":"http:\/\/www.green-ingredients.com\/?page_id=4051&#038;lang=en"},"modified":"2026-01-17T19:31:28","modified_gmt":"2026-01-17T18:31:28","slug":"online-sale","status":"publish","type":"page","link":"https:\/\/www.green-ingredients.com\/en\/online-sale\/","title":{"rendered":"Online sale"},"content":{"rendered":"<p>[et_pb_section fb_built=&#8221;1&#8243; fullwidth=&#8221;on&#8221; _builder_version=&#8221;4.16&#8243; _module_preset=&#8221;default&#8221; global_colors_info=&#8221;{}&#8221;][et_pb_nextend_smart_slider_3_fullwidth slider=&#8221;14&#8243; _builder_version=&#8221;4.9.1&#8243; _module_preset=&#8221;default&#8221; global_colors_info=&#8221;{}&#8221;][\/et_pb_nextend_smart_slider_3_fullwidth][\/et_pb_section][et_pb_section fb_built=&#8221;1&#8243; specialty=&#8221;on&#8221; admin_label=&#8221;About&#8221; _builder_version=&#8221;4.16&#8243; use_background_color_gradient=&#8221;on&#8221; background_color_gradient_direction=&#8221;90deg&#8221; background_color_gradient_stops=&#8221;#ffffff 82%|#cecece 82%&#8221; background_color_gradient_start=&#8221;#ffffff&#8221; background_color_gradient_start_position=&#8221;82%&#8221; background_color_gradient_end=&#8221;#cecece&#8221; background_color_gradient_end_position=&#8221;82%&#8221; background_image=&#8221;https:\/\/www.green-ingredients.com\/wp-content\/uploads\/2021\/01\/fond-page.jpg&#8221; background_blend=&#8221;overlay&#8221; custom_padding=&#8221;||||false|false&#8221; global_colors_info=&#8221;{}&#8221;][et_pb_column type=&#8221;1_2&#8243; specialty_columns=&#8221;2&#8243; _builder_version=&#8221;4.16&#8243; custom_padding=&#8221;|||&#8221; global_colors_info=&#8221;{}&#8221; custom_padding__hover=&#8221;|||&#8221;][et_pb_row_inner custom_padding_last_edited=&#8221;on|tablet&#8221; _builder_version=&#8221;4.16&#8243; custom_padding=&#8221;|40px||40px|false|true&#8221; custom_padding_tablet=&#8221;|30px||30px|false|true&#8221; custom_padding_phone=&#8221;|20px||20px|false|true&#8221; border_width_all=&#8221;2px&#8221; border_color_all=&#8221;#542b57&#8243; global_colors_info=&#8221;{}&#8221;][et_pb_column_inner saved_specialty_column_type=&#8221;1_2&#8243; _builder_version=&#8221;4.16&#8243; global_colors_info=&#8221;{}&#8221;][et_pb_text _builder_version=&#8221;4.16&#8243; header_2_font=&#8221;Marcellus|||on|||||&#8221; header_2_text_color=&#8221;#3D4A41&#8243; header_2_font_size=&#8221;35px&#8221; header_2_line_height=&#8221;1.2em&#8221; text_orientation=&#8221;center&#8221; header_2_font_size_tablet=&#8221;40px&#8221; header_2_font_size_phone=&#8221;30px&#8221; header_2_font_size_last_edited=&#8221;on|desktop&#8221; locked=&#8221;off&#8221; global_colors_info=&#8221;{}&#8221;]<\/p>\n<h2>Online sale<\/h2>\n<p>[\/et_pb_text][\/et_pb_column_inner][\/et_pb_row_inner][et_pb_row_inner custom_padding_last_edited=&#8221;on|tablet&#8221; _builder_version=&#8221;4.16&#8243; custom_padding=&#8221;|20px||20px|false|true&#8221; custom_padding_tablet=&#8221;|30px||30px|false|true&#8221; custom_padding_phone=&#8221;|20px||20px|false|true&#8221; border_width_all=&#8221;2px&#8221; border_color_all=&#8221;#542b57&#8243; border_width_top=&#8221;0px&#8221; global_colors_info=&#8221;{}&#8221;][et_pb_column_inner saved_specialty_column_type=&#8221;1_2&#8243; _builder_version=&#8221;4.16&#8243; global_colors_info=&#8221;{}&#8221;][et_pb_text _builder_version=&#8221;4.27.4&#8243; text_font=&#8221;Marcellus||||||||&#8221; text_font_size=&#8221;16px&#8221; text_line_height=&#8221;2em&#8221; text_orientation=&#8221;justified&#8221; text_font_size_tablet=&#8221;14px&#8221; text_font_size_phone=&#8221;14px&#8221; text_font_size_last_edited=&#8221;on|phone&#8221; text_line_height_phone=&#8221;1.6em&#8221; text_line_height_last_edited=&#8221;off|desktop&#8221; locked=&#8221;off&#8221; inline_fonts=&#8221;Trebuchet&#8221; global_colors_info=&#8221;{}&#8221;]<\/p>\n<p style=\"text-align: center\">We offer 100% natural extracts from tracked origin and ingredients, selected for the best quality \/ price ratio. The products are available in 1kg, 500 g or 100 g (extracts only). The plant extracts are supplied in heat-sealed zipped bags for a better preservation.<br \/>Larger quantity available. Please contact us.<\/p>\n<p style=\"text-align: center\">Enter into the Online store from the buttons below :<\/p>\n<p>[\/et_pb_text][\/et_pb_column_inner][\/et_pb_row_inner][\/et_pb_column][et_pb_column type=&#8221;1_2&#8243; _builder_version=&#8221;4.16&#8243; custom_padding=&#8221;|||&#8221; global_colors_info=&#8221;{}&#8221; custom_padding__hover=&#8221;|||&#8221;][et_pb_text _builder_version=&#8221;4.21.0&#8243; _module_preset=&#8221;default&#8221; custom_margin=&#8221;-30px|75px||||&#8221; custom_padding=&#8221;0px|||||&#8221; global_colors_info=&#8221;{}&#8221;][\/et_pb_text][\/et_pb_column][\/et_pb_section][et_pb_section fb_built=&#8221;1&#8243; admin_label=&#8221;Call to Action&#8221; _builder_version=&#8221;4.16&#8243; background_color=&#8221;#f4f4f4&#8243; background_enable_image=&#8221;off&#8221; background_blend=&#8221;overlay&#8221; custom_margin_tablet=&#8221;0px||||false|false&#8221; custom_margin_last_edited=&#8221;off|desktop&#8221; custom_padding=&#8221;0px||0px||false|false&#8221; locked=&#8221;off&#8221; global_colors_info=&#8221;{}&#8221;][et_pb_row _builder_version=&#8221;4.16&#8243; _module_preset=&#8221;default&#8221; custom_padding=&#8221;||0px|||&#8221; global_colors_info=&#8221;{}&#8221;][et_pb_column type=&#8221;4_4&#8243; _builder_version=&#8221;4.16&#8243; _module_preset=&#8221;default&#8221; global_colors_info=&#8221;{}&#8221;][et_pb_text _builder_version=&#8221;4.16&#8243; header_2_font=&#8221;Marcellus|||on|||||&#8221; header_2_text_color=&#8221;#3D4A41&#8243; header_2_font_size=&#8221;35px&#8221; header_2_line_height=&#8221;1.2em&#8221; text_orientation=&#8221;center&#8221; custom_margin=&#8221;40px||||false|false&#8221; header_2_font_size_tablet=&#8221;40px&#8221; header_2_font_size_phone=&#8221;30px&#8221; header_2_font_size_last_edited=&#8221;on|desktop&#8221; locked=&#8221;off&#8221; global_colors_info=&#8221;{}&#8221;]<\/p>\n<h2>Online sale<\/h2>\n<p>[\/et_pb_text][et_pb_divider divider_weight=&#8221;5px&#8221; _builder_version=&#8221;4.16&#8243; _module_preset=&#8221;default&#8221; width=&#8221;8%&#8221; module_alignment=&#8221;center&#8221; global_colors_info=&#8221;{}&#8221;][\/et_pb_divider][\/et_pb_column][\/et_pb_row][et_pb_row column_structure=&#8221;1_3,1_3,1_3&#8243; use_custom_gutter=&#8221;on&#8221; gutter_width=&#8221;2&#8243; make_equal=&#8221;on&#8221; _builder_version=&#8221;4.16&#8243; _module_preset=&#8221;default&#8221; custom_padding=&#8221;||55px||false|false&#8221; global_colors_info=&#8221;{}&#8221;][et_pb_column type=&#8221;1_3&#8243; _builder_version=&#8221;4.16&#8243; _module_preset=&#8221;default&#8221; background_image=&#8221;https:\/\/www.green-ingredients.com\/wp-content\/uploads\/2021\/03\/extrait-produits-page.jpg&#8221; box_shadow_style=&#8221;preset2&#8243; global_colors_info=&#8221;{}&#8221;][et_pb_button button_url=&#8221;https:\/\/www.green-ingredients.com\/en\/natural-extracts\/&#8221; button_text=&#8221;Natural Dyes &amp; Plant Extracts&#8221; button_alignment=&#8221;center&#8221; _builder_version=&#8221;4.27.4&#8243; _module_preset=&#8221;default&#8221; custom_button=&#8221;on&#8221; button_text_size=&#8221;24px&#8221; button_text_color=&#8221;#d1d1d1&#8243; button_bg_color=&#8221;rgba(0,0,0,0.36)&#8221; button_border_width=&#8221;2px&#8221; button_border_color=&#8221;#FFFFFF&#8221; button_font=&#8221;Marcellus|700||on|||||&#8221; button_icon=&#8221;&#x24;||divi||400&#8243; custom_margin=&#8221;15px|15px|15px|15px|true|true&#8221; custom_padding=&#8221;140px||140px||true|false&#8221; button_text_shadow_style=&#8221;preset3&#8243; button_text_shadow_color=&#8221;#000000&#8243; global_colors_info=&#8221;{}&#8221; button_bg_color__hover_enabled=&#8221;on|desktop&#8221; button_bg_color__hover=&#8221;rgba(0,0,0,0.66)&#8221; button_bg_enable_color__hover=&#8221;on&#8221; button_border_width__hover_enabled=&#8221;off|desktop&#8221; button_border_width__hover=&#8221;7px&#8221; button_text_size__hover_enabled=&#8221;off|desktop&#8221; button_text_color__hover_enabled=&#8221;on|desktop&#8221; button_text_color__hover=&#8221;#FFFFFF&#8221;][\/et_pb_button][\/et_pb_column][et_pb_column type=&#8221;1_3&#8243; _builder_version=&#8221;4.16&#8243; _module_preset=&#8221;default&#8221; background_image=&#8221;https:\/\/www.green-ingredients.com\/wp-content\/uploads\/2021\/01\/Ingredients-mordants-additifs.jpg&#8221; box_shadow_style=&#8221;preset2&#8243; global_colors_info=&#8221;{}&#8221;][et_pb_button button_url=&#8221;https:\/\/www.green-ingredients.com\/en\/ingredients\/&#8221; button_text=&#8221;Ingredients, Mordants &amp; Additives&#8221; button_alignment=&#8221;center&#8221; _builder_version=&#8221;4.27.4&#8243; _module_preset=&#8221;default&#8221; custom_button=&#8221;on&#8221; button_text_size=&#8221;25px&#8221; button_text_color=&#8221;#d1d1d1&#8243; button_bg_color=&#8221;rgba(0,0,0,0.36)&#8221; button_border_width=&#8221;2px&#8221; button_border_color=&#8221;#FFFFFF&#8221; button_font=&#8221;Marcellus|700||on|||||&#8221; button_icon=&#8221;&#x24;||divi||400&#8243; custom_margin=&#8221;15px|15px|15px|15px|true|true&#8221; custom_padding=&#8221;117px||117px||true|false&#8221; button_border_width_last_edited=&#8221;off|desktop&#8221; button_text_shadow_style=&#8221;preset3&#8243; button_text_shadow_color=&#8221;#000000&#8243; global_colors_info=&#8221;{}&#8221; button_bg_color__hover_enabled=&#8221;on|desktop&#8221; button_bg_color__hover=&#8221;rgba(0,0,0,0.66)&#8221; button_bg_enable_color__hover=&#8221;on&#8221; button_border_width__hover_enabled=&#8221;off|desktop&#8221; button_border_width__hover=&#8221;7px&#8221; button_text_color__hover_enabled=&#8221;on|desktop&#8221; button_text_color__hover=&#8221;#FFFFFF&#8221;][\/et_pb_button][\/et_pb_column][et_pb_column type=&#8221;1_3&#8243; _builder_version=&#8221;4.16&#8243; _module_preset=&#8221;default&#8221; background_image=&#8221;https:\/\/www.green-ingredients.com\/wp-content\/uploads\/2021\/01\/Accesoires.jpg&#8221; box_shadow_style=&#8221;preset2&#8243; global_colors_info=&#8221;{}&#8221;][et_pb_button button_url=&#8221;https:\/\/www.green-ingredients.com\/en\/accessories\/&#8221; button_text=&#8221;Accessories &amp; books&#8221; button_alignment=&#8221;center&#8221; _builder_version=&#8221;4.27.4&#8243; _module_preset=&#8221;default&#8221; custom_button=&#8221;on&#8221; button_text_size=&#8221;25px&#8221; button_text_color=&#8221;#d1d1d1&#8243; button_bg_color=&#8221;rgba(0,0,0,0.36)&#8221; button_border_width=&#8221;2px&#8221; button_border_color=&#8221;#FFFFFF&#8221; button_font=&#8221;Marcellus|600||on|||||&#8221; button_icon=&#8221;&#x24;||divi||400&#8243; custom_margin=&#8221;15px|15px|15px|15px|true|true&#8221; custom_padding=&#8221;139px||139px||true|true&#8221; button_text_shadow_style=&#8221;preset3&#8243; button_text_shadow_color=&#8221;#000000&#8243; global_colors_info=&#8221;{}&#8221; button_bg_color__hover_enabled=&#8221;on|desktop&#8221; button_bg_color__hover=&#8221;rgba(0,0,0,0.66)&#8221; button_bg_enable_color__hover=&#8221;on&#8221; button_border_width__hover_enabled=&#8221;off|hover&#8221; button_border_width__hover=&#8221;7px&#8221; button_text_color__hover_enabled=&#8221;on|hover&#8221; button_text_color__hover=&#8221;#ffffff&#8221;][\/et_pb_button][\/et_pb_column][\/et_pb_row][\/et_pb_section][et_pb_section fb_built=&#8221;1&#8243; custom_padding_last_edited=&#8221;on|phone&#8221; admin_label=&#8221;Sale&#8221; _builder_version=&#8221;4.16&#8243; background_enable_color=&#8221;off&#8221; background_enable_image=&#8221;off&#8221; background_position=&#8221;top_center&#8221; overflow-x=&#8221;hidden&#8221; overflow-y=&#8221;hidden&#8221; custom_padding=&#8221;0vw||0vw||false|false&#8221; custom_padding_tablet=&#8221;||44vw||false|false&#8221; custom_padding_phone=&#8221;||80vw||false|false&#8221; background_last_edited=&#8221;off|phone&#8221; background_position_tablet=&#8221;bottom_center&#8221; box_shadow_style=&#8221;preset1&#8243; saved_tabs=&#8221;all&#8221; locked=&#8221;off&#8221; global_colors_info=&#8221;{}&#8221;][et_pb_row _builder_version=&#8221;4.16&#8243; _module_preset=&#8221;default&#8221; background_color=&#8221;#FFFFFF&#8221; width=&#8221;89%&#8221; max_width=&#8221;2560px&#8221; global_colors_info=&#8221;{}&#8221;][et_pb_column type=&#8221;4_4&#8243; _builder_version=&#8221;4.16&#8243; _module_preset=&#8221;default&#8221; global_colors_info=&#8221;{}&#8221;][et_pb_image src=&#8221;https:\/\/www.green-ingredients.com\/wp-content\/uploads\/2021\/01\/logo.png&#8221; title_text=&#8221;logo&#8221; align=&#8221;center&#8221; _builder_version=&#8221;4.16&#8243; _module_preset=&#8221;default&#8221; width=&#8221;95%&#8221; module_alignment=&#8221;center&#8221; global_colors_info=&#8221;{}&#8221;][\/et_pb_image][et_pb_social_media_follow icon_color=&#8221;#9c8a67&#8243; use_icon_font_size=&#8221;on&#8221; icon_font_size=&#8221;20px&#8221; _builder_version=&#8221;4.16&#8243; text_orientation=&#8221;center&#8221; custom_padding=&#8221;|||0px||&#8221; locked=&#8221;off&#8221; global_colors_info=&#8221;{}&#8221;][et_pb_social_media_follow_network social_network=&#8221;facebook&#8221; url=&#8221;https:\/\/www.facebook.com\/GREENING.Natural.Ingredients\/&#8221; icon_color=&#8221;#049004&#8243; _builder_version=&#8221;4.16&#8243; background_enable_color=&#8221;off&#8221; global_colors_info=&#8221;{}&#8221; follow_button=&#8221;off&#8221; url_new_window=&#8221;on&#8221;]facebook[\/et_pb_social_media_follow_network][et_pb_social_media_follow_network social_network=&#8221;instagram&#8221; url=&#8221;https:\/\/www.instagram.com\/greening_couleur\/&#8221; icon_color=&#8221;#049004&#8243; _builder_version=&#8221;4.16&#8243; background_color=&#8221;#ea2c59&#8243; background_enable_color=&#8221;off&#8221; global_colors_info=&#8221;{}&#8221; follow_button=&#8221;off&#8221; url_new_window=&#8221;on&#8221;]instagram[\/et_pb_social_media_follow_network][\/et_pb_social_media_follow][\/et_pb_column][\/et_pb_row][et_pb_row column_structure=&#8221;1_3,1_3,1_3&#8243; use_custom_gutter=&#8221;on&#8221; gutter_width=&#8221;2&#8243; _builder_version=&#8221;4.16&#8243; _module_preset=&#8221;default&#8221; background_color=&#8221;#FFFFFF&#8221; width=&#8221;89%&#8221; max_width=&#8221;2560px&#8221; custom_padding=&#8221;|25px||25px|false|true&#8221; global_colors_info=&#8221;{}&#8221;][et_pb_column type=&#8221;1_3&#8243; _builder_version=&#8221;4.16&#8243; _module_preset=&#8221;default&#8221; global_colors_info=&#8221;{}&#8221;][et_pb_text _builder_version=&#8221;4.16&#8243; text_font=&#8221;Marcellus||||||||&#8221; text_text_color=&#8221;#3D4A41&#8243; text_font_size=&#8221;16px&#8221; header_2_font=&#8221;Marcellus|700|||||||&#8221; header_2_text_color=&#8221;#3D4A41&#8243; header_2_font_size=&#8221;15px&#8221; header_2_line_height=&#8221;1.2em&#8221; header_4_font=&#8221;Marcellus|700|||||||&#8221; header_4_font_size=&#8221;16px&#8221; custom_margin=&#8221;||0px||false|false&#8221; text_font_size_tablet=&#8221;14px&#8221; text_font_size_phone=&#8221;&#8221; text_font_size_last_edited=&#8221;on|desktop&#8221; locked=&#8221;off&#8221; global_colors_info=&#8221;{}&#8221;]<\/p>\n<h4>CONTACT <\/h4>\n<p>[\/et_pb_text][et_pb_divider color=&#8221;#532a56&#8243; divider_weight=&#8221;3px&#8221; _builder_version=&#8221;4.16&#8243; _module_preset=&#8221;default&#8221; width=&#8221;15%&#8221; module_alignment=&#8221;left&#8221; custom_margin=&#8221;0px||0px||true|false&#8221; custom_padding=&#8221;0px||0px||true|false&#8221; global_colors_info=&#8221;{}&#8221;][\/et_pb_divider][et_pb_button button_url=&#8221;https:\/\/c74c2a74.sibforms.com\/serve\/MUIEAK1gjPPS9UFOZ76QXonpHytMGT280VOszSY4HCy935UZsDdzwdUGfhzGJ5v8Pk5R-mr2255lEbFygBJ_zCCyiCq2aY8F5eBkT2Nj5U6J5fY3rzN9Ax8s3lxRdaDnFZamxYx-U7RfQuAFyExs6BrVDzvanv9iDHgOmyTOHc-Iqyl9NdPMkPWP5O9ibyPjXSXF5hRqNlG3JB-4&#8243; url_new_window=&#8221;on&#8221; button_text=&#8221;Subscribe to our Newsletter&#8221; _builder_version=&#8221;4.18.1&#8243; _module_preset=&#8221;default&#8221; custom_button=&#8221;on&#8221; button_font=&#8221;|||||on|||&#8221; button_icon=&#8221;&#x24;||divi||400&#8243; global_colors_info=&#8221;{}&#8221; button_bg_color__hover_enabled=&#8221;on|desktop&#8221; button_bg_color__hover=&#8221;#542b57&#8243; button_bg_enable_color__hover=&#8221;on&#8221;][\/et_pb_button][et_pb_button button_url=&#8221;https:\/\/www.green-ingredients.com\/en\/contact\/&#8221; button_text=&#8221;Contact us&#8221; _builder_version=&#8221;4.18.1&#8243; _module_preset=&#8221;default&#8221; custom_button=&#8221;on&#8221; button_font=&#8221;|||||on|||&#8221; button_icon=&#8221;&#x24;||divi||400&#8243; global_colors_info=&#8221;{}&#8221; button_bg_color__hover_enabled=&#8221;on|desktop&#8221; button_bg_color__hover=&#8221;#542b57&#8243; button_bg_enable_color__hover=&#8221;on&#8221;][\/et_pb_button][\/et_pb_column][et_pb_column type=&#8221;1_3&#8243; _builder_version=&#8221;4.16&#8243; _module_preset=&#8221;default&#8221; global_colors_info=&#8221;{}&#8221;][et_pb_text _builder_version=&#8221;4.16&#8243; text_font=&#8221;Marcellus||||||||&#8221; text_text_color=&#8221;#3D4A41&#8243; text_font_size=&#8221;16px&#8221; header_2_font=&#8221;Marcellus|700|||||||&#8221; header_2_text_color=&#8221;#3D4A41&#8243; header_2_font_size=&#8221;15px&#8221; header_2_line_height=&#8221;1.2em&#8221; header_4_font=&#8221;Marcellus|700||on|||||&#8221; header_4_font_size=&#8221;16px&#8221; custom_margin=&#8221;||0px||false|false&#8221; text_font_size_tablet=&#8221;14px&#8221; text_font_size_phone=&#8221;&#8221; text_font_size_last_edited=&#8221;on|desktop&#8221; locked=&#8221;off&#8221; global_colors_info=&#8221;{}&#8221;]<\/p>\n<h4>Online sale<\/h4>\n<p>[\/et_pb_text][et_pb_divider color=&#8221;#532a56&#8243; divider_weight=&#8221;3px&#8221; _builder_version=&#8221;4.16&#8243; _module_preset=&#8221;default&#8221; width=&#8221;15%&#8221; module_alignment=&#8221;left&#8221; custom_margin=&#8221;0px||0px||true|false&#8221; custom_padding=&#8221;0px||0px||true|false&#8221; global_colors_info=&#8221;{}&#8221;][\/et_pb_divider][et_pb_text _builder_version=&#8221;4.16&#8243; text_font=&#8221;Marcellus||||||||&#8221; text_text_color=&#8221;#3D4A41&#8243; text_font_size=&#8221;16px&#8221; text_line_height=&#8221;1em&#8221; header_2_font=&#8221;Marcellus|700|||||||&#8221; header_2_text_color=&#8221;#3D4A41&#8243; header_2_font_size=&#8221;15px&#8221; header_2_line_height=&#8221;1.2em&#8221; text_font_size_tablet=&#8221;14px&#8221; text_font_size_phone=&#8221;&#8221; text_font_size_last_edited=&#8221;on|desktop&#8221; locked=&#8221;off&#8221; global_colors_info=&#8221;{}&#8221;]<\/p>\n<p style=\"text-align: left\"><span style=\"color: #333333\"><a href=\"https:\/\/www.green-ingredients.com\/en\/natural-extracts\/\" style=\"color: #333333\">Natural Dyes &amp; Plant Extracts<\/a><\/span><\/p>\n<p>[\/et_pb_text][et_pb_text _builder_version=&#8221;4.16&#8243; text_font=&#8221;Marcellus||||||||&#8221; text_text_color=&#8221;#3D4A41&#8243; text_font_size=&#8221;16px&#8221; text_line_height=&#8221;1em&#8221; header_2_font=&#8221;Marcellus|700|||||||&#8221; header_2_text_color=&#8221;#3D4A41&#8243; header_2_font_size=&#8221;15px&#8221; header_2_line_height=&#8221;1.2em&#8221; link_option_url=&#8221;mailto:contact@green-ingredients.com&#8221; text_font_size_tablet=&#8221;14px&#8221; text_font_size_phone=&#8221;&#8221; text_font_size_last_edited=&#8221;on|desktop&#8221; locked=&#8221;off&#8221; global_colors_info=&#8221;{}&#8221;]<\/p>\n<p><span style=\"color: #333333\"><a href=\"https:\/\/www.green-ingredients.com\/en\/ingredients\/\" style=\"color: #333333\">Ingredients, Mordants &amp; Additives<\/a><\/span><\/p>\n<p>[\/et_pb_text][et_pb_text _builder_version=&#8221;4.16&#8243; text_font=&#8221;Marcellus||||||||&#8221; text_text_color=&#8221;#3D4A41&#8243; text_font_size=&#8221;16px&#8221; text_line_height=&#8221;1em&#8221; header_2_font=&#8221;Marcellus|700|||||||&#8221; header_2_text_color=&#8221;#3D4A41&#8243; header_2_font_size=&#8221;15px&#8221; header_2_line_height=&#8221;1.2em&#8221; link_option_url=&#8221;mailto:contact@green-ingredients.com&#8221; text_font_size_tablet=&#8221;14px&#8221; text_font_size_phone=&#8221;&#8221; text_font_size_last_edited=&#8221;on|desktop&#8221; locked=&#8221;off&#8221; global_colors_info=&#8221;{}&#8221;]<\/p>\n<p><span style=\"color: #333333\"><a href=\"https:\/\/www.green-ingredients.com\/en\/accessories\/\" style=\"color: #333333\">Accessories<\/a><\/span><\/p>\n<p>[\/et_pb_text][\/et_pb_column][et_pb_column type=&#8221;1_3&#8243; _builder_version=&#8221;4.16&#8243; _module_preset=&#8221;default&#8221; global_colors_info=&#8221;{}&#8221;][et_pb_text _builder_version=&#8221;4.16&#8243; text_font=&#8221;Marcellus||||||||&#8221; text_text_color=&#8221;#3D4A41&#8243; text_font_size=&#8221;16px&#8221; header_2_font=&#8221;Marcellus|700|||||||&#8221; header_2_text_color=&#8221;#3D4A41&#8243; header_2_font_size=&#8221;15px&#8221; header_2_line_height=&#8221;1.2em&#8221; header_4_font=&#8221;Marcellus|700||on|||||&#8221; header_4_font_size=&#8221;16px&#8221; custom_margin=&#8221;||0px||false|false&#8221; text_font_size_tablet=&#8221;14px&#8221; text_font_size_phone=&#8221;&#8221; text_font_size_last_edited=&#8221;on|desktop&#8221; locked=&#8221;off&#8221; global_colors_info=&#8221;{}&#8221;]<\/p>\n<h4>Information<\/h4>\n<p>[\/et_pb_text][et_pb_divider color=&#8221;#532a56&#8243; divider_weight=&#8221;3px&#8221; _builder_version=&#8221;4.16&#8243; _module_preset=&#8221;default&#8221; width=&#8221;15%&#8221; module_alignment=&#8221;left&#8221; custom_margin=&#8221;0px||0px||true|false&#8221; custom_padding=&#8221;0px||0px||true|false&#8221; global_colors_info=&#8221;{}&#8221;][\/et_pb_divider][et_pb_text _builder_version=&#8221;4.16&#8243; text_font=&#8221;Marcellus||||||||&#8221; text_text_color=&#8221;#3D4A41&#8243; text_font_size=&#8221;16px&#8221; text_line_height=&#8221;1em&#8221; header_2_font=&#8221;Marcellus|700|||||||&#8221; header_2_text_color=&#8221;#3D4A41&#8243; header_2_font_size=&#8221;15px&#8221; header_2_line_height=&#8221;1.2em&#8221; text_font_size_tablet=&#8221;14px&#8221; text_font_size_phone=&#8221;&#8221; text_font_size_last_edited=&#8221;on|desktop&#8221; locked=&#8221;off&#8221; global_colors_info=&#8221;{}&#8221;]<\/p>\n<p><strong><span style=\"color: #333333\"><span style=\"color: #008000\">\u2192<\/span> <\/span><\/strong><a href=\"https:\/\/www.green-ingredients.com\/en\/my-account\/\" target=\"_blank\" rel=\"noopener noreferrer\"><span style=\"color: #333333\">My account<\/span><\/a><\/p>\n<p><span style=\"color: #333333\"><span style=\"color: #008000\"><strong>\u2192<\/strong><\/span> <a href=\"https:\/\/www.green-ingredients.com\/en\/cart\/\" target=\"_blank\" rel=\"noopener noreferrer\" style=\"color: #333333\">Cart<\/a><\/span><\/p>\n<p><span style=\"color: #333333\"><span style=\"color: #008000\"><strong>\u2192 <\/strong><\/span><a href=\"https:\/\/www.green-ingredients.com\/conditions-generales-de-vente\/\" target=\"_blank\" rel=\"noopener noreferrer\" style=\"color: #333333\"><span style=\"color: #333333\">CGV<\/span><\/a><\/span><\/p>\n<p>&nbsp;<\/p>\n<p>[\/et_pb_text][\/et_pb_column][\/et_pb_row][\/et_pb_section]<\/p>\n","protected":false},"excerpt":{"rendered":"<p>Online saleWe offer 100% natural extracts from tracked origin and ingredients, selected for the best quality \/ price ratio. The products are available in 1kg, 500 g or 100 g (extracts only). The plant extracts are supplied in heat-sealed zipped bags for a better preservation.Larger quantity available. Please contact us. Enter into the Online store [&hellip;]<\/p>\n","protected":false},"author":3774,"featured_media":0,"parent":0,"menu_order":0,"comment_status":"closed","ping_status":"closed","template":"","meta":{"_et_pb_use_builder":"on","_et_pb_old_content":"<span style=\"font-size: 10pt; font-family: verdana,geneva;\">Nous vous proposons des extraits 100 % naturels d\u2019origine trac\u00e9e et des ingr\u00e9dients s\u00e9lectionn\u00e9s au meilleur rapport qualit\u00e9 \/ prix.\r\nLes produits sont disponibles en conditionnements de 1kg, 500 g ou 100 g (extraits seulement). Les extraits v\u00e9g\u00e9taux sont livr\u00e9s en sachets zip thermosoud\u00e9s pour une meilleure conservation. Nous contacter pour des conditionnements sup\u00e9rieurs et vrac.<\/span>\r\n<span style=\"font-size: 10pt; font-family: verdana,geneva;\">Egalement : Formations teintures v\u00e9g\u00e9tales par nos partenaires - <span style=\"color: #f25a02;\"><a style=\"color: #f25a02; text-decoration: underline;\" href=\"https:\/\/www.green-ingredients.com\/formations-partenaires\/\" target=\"_blank\" rel=\"noopener noreferrer\">Programme 2019-2020 - cliquez ici<\/a><\/span><\/span>\r\n<p style=\"text-align: center;\"><span style=\"font-family: comic sans ms,sans-serif; font-size: 12pt;\">Acc\u00e8s Boutique en ligne ci-dessous<\/span><\/p>","_et_gb_content_width":"","footnotes":""},"dipi_cpt_category":[],"class_list":["post-4051","page","type-page","status-publish","hentry"],"_links":{"self":[{"href":"https:\/\/www.green-ingredients.com\/en\/wp-json\/wp\/v2\/pages\/4051","targetHints":{"allow":["GET"]}}],"collection":[{"href":"https:\/\/www.green-ingredients.com\/en\/wp-json\/wp\/v2\/pages"}],"about":[{"href":"https:\/\/www.green-ingredients.com\/en\/wp-json\/wp\/v2\/types\/page"}],"author":[{"embeddable":true,"href":"https:\/\/www.green-ingredients.com\/en\/wp-json\/wp\/v2\/users\/3774"}],"replies":[{"embeddable":true,"href":"https:\/\/www.green-ingredients.com\/en\/wp-json\/wp\/v2\/comments?post=4051"}],"version-history":[{"count":6,"href":"https:\/\/www.green-ingredients.com\/en\/wp-json\/wp\/v2\/pages\/4051\/revisions"}],"predecessor-version":[{"id":2195623,"href":"https:\/\/www.green-ingredients.com\/en\/wp-json\/wp\/v2\/pages\/4051\/revisions\/2195623"}],"wp:attachment":[{"href":"https:\/\/www.green-ingredients.com\/en\/wp-json\/wp\/v2\/media?parent=4051"}],"wp:term":[{"taxonomy":"dipi_cpt_category","embeddable":true,"href":"https:\/\/www.green-ingredients.com\/en\/wp-json\/wp\/v2\/dipi_cpt_category?post=4051"}],"curies":[{"name":"wp","href":"https:\/\/api.w.org\/{rel}","templated":true}]}}